{"id":3371,"date":"2024-10-22T06:52:09","date_gmt":"2024-10-22T06:52:09","guid":{"rendered":"https:\/\/casinogame.si\/%d0%bf%d0%be%d0%bb%d0%b8%d1%82%d0%b8%d0%ba%d0%b0-%d0%bf%d1%80%d0%b8%d0%b2%d0%b0%d1%82%d0%bd%d0%be%d1%81%d1%82%d0%b8\/"},"modified":"2026-03-25T12:30:22","modified_gmt":"2026-03-25T12:30:22","slug":"politika-zasebnosti","status":"publish","type":"page","link":"https:\/\/casinogame.si\/sr\/politika-zasebnosti\/","title":{"rendered":"Politika zasebnosti"},"content":{"rendered":"<div class=\"row pb-0\"  id=\"row-1139320604\">\n\n\t<div id=\"col-779391645\" class=\"col pb-0 small-12 large-12\"  >\n\t\t\t\t<div class=\"col-inner\"  >\n\t\t\t\n\t\t\t\n\t<div id=\"text-4068187527\" class=\"text pb-0 mb-0\">\n\t\t\n<h1 style=\"color: black !important;\">POLITIKA ZASEBNOSTI<\/h1>\n<p>Namen Obvestila o pravilniku o zasebnosti in varstvu osebnih podatkov (\u201cObvestilo\u201d) je, da vas obvestimo, katere osebne podatke zbiramo in za kak\u0161ne namene, kaj z njimi po\u010dnemo, kako skrbimo za njihovo varnost in kak\u0161ne so va\u0161e pravice, ki jih lahko uveljavljate v zvezi z obdelavo osebnih podatkov. Varstvo va\u0161ih osebnih podatkov jemljemo izredno resno in odgovorno. V celoti spo\u0161tujemo na\u0161e obveznosti glede zakonite, po\u0161tene in pregledne obdelave osebnih podatkov. Priporo\u010damo vam, da se podrobno seznanite z vsebino tega Obvestila. Za zagotovitev skladnosti tega Obvestila z regulativami na podro\u010dju varstva osebnih podatkov si<br \/>SINTEZA d.o.o. (v nadaljevanju Poker Dogodki) pridr\u017euje pravico do sprememb ali dopolnitev. O spremembah vas bomo pravo\u010dasno obvestili na najbolj ustrezen na\u010din, npr. preko e-po\u0161te ali z objavo na spletni strani.<\/p>\n<h3>INFORMACIJE O UPRAVITELJU PODATKOV<\/h3>\n<p>SINTEZA d.o.o.<br \/>Lo\u017earjeva 14<br \/>1000 Ljubljana<br \/>Slovenija, EU<br \/>ID za DDV: SI 67730337<br \/>Mati\u010dna \u0161tevilka: 5412897000<br \/>E-po\u0161ta:<span style=\"color: #282828;\"> <a style=\"color: #282828;\" href=\"mailto:primoz@casinogame.si\">primoz@casinogame.si<\/a><\/span><\/p>\n<h3>UPRAVLJALEC OBDELAVE PODATKOV:<\/h3>\n<p>Upravitelj obdelave:<br \/>WPM, spletne storitve, d.o.o.<br \/>Brn\u010di\u010deva ulica 13,<br \/>1231 Ljubljana \u2013 \u010crnu\u010de Trzin<br \/>E-po\u0161ta: <span style=\"color: #282828;\"><a style=\"color: #282828;\" href=\"mailto:info@wpm.si\">info@wpm.si<\/a><\/span><\/p>\n<p>Upravitelj obdelave obdeluje osebne podatke v imenu Poker Dogodki. Na navedeni e-po\u0161tni naslov se lahko obrnete za kakr\u0161na koli vpra\u0161anja v zvezi z obdelavo osebnih podatkov.<\/p>\n<h3>OSEBNI PODATKI, KI JIH OBDELUJEMO, VSEBUJEJO<\/h3>\n<p>Osnovni kontaktni podatki: ime, priimek, telefonska \u0161tevilka, e-po\u0161tni naslov.<br \/>Informacije o uporabi na\u0161ih spletnih strani: kliki na povezave, \u010das pre\u017eivet na straneh in informacije o odgovoru na na\u0161e elektronske po\u0161tne sporo\u010dila, na primer, ali je bilo sporo\u010dilo odprto in katere povezave so bile kliknene.<br \/>Informacije o stre\u017eniku: datum in \u010das obiskov, obiskane podstrani, informacije, ki so bile ogledane ali iskane itd.<br \/>Informacije o napravi: informacije o ra\u010dunalniku ali mobilni napravi, ki se uporablja za dostop do spletne strani, vklju\u010dno z operacijskim sistemom, modelom, spletnim brskalnikom itd.<br \/>Informacije o uporabi na\u0161e spletne strani.<br \/>Agregirani podatki za namene ogla\u0161evanja in tr\u017eenja.<\/p>\n<h3>PRAVNA PODLAGA ZA OBDELAVO OSEBNIH PODATKOV<\/h3>\n<p>Va\u0161e osebne podatke zbiramo le, kadar je to nujno potrebno ali ste to sami dovolili. Va\u0161ih osebnih podatkov ne bomo obdelovali, \u010de namen ali pravna podlaga za njihovo obdelavo ni ustrezno utemeljena z veljavnimi predpisi s podro\u010dja varstva osebnih podatkov (Zakon o varstvu osebnih podatkov, Uradni list RS, \u0161t. 94\/07 \u2013 uradno pre\u010di\u0161\u010deno besedilo (ZVOP-1), Uredba (EU) 2016\/679 Evropskega parlamenta in Sveta z dne 27. aprila 2016 o varstvu posameznikov pri obdelavi osebnih podatkov in o prostem pretoku tak\u0161nih podatkov (GDPR)) in Zakon o elektronskih komunikacijah, Uradni list RS 109\/12, 110\/13, 40\/14 \u2013 ZIN-B, 54\/14 \u2013 Uredba US, 81\/15 in 40\/17 (ZEKom-1).<\/p>\n<p>Poker Dogodki bo obdeloval va\u0161e osebne podatke na podlagi naslednjih pravnih podlag:<\/p>\n<p>Z obiskom na\u0161e spletne strani ste sprejeli in se strinjali z Splo\u0161nimi pogoji uporabe te spletne strani ter sklenili pogodbo s Poker Dogodki, ki se uporablja kot pravna podlaga za obdelavo va\u0161ih osebnih podatkov. Podatki so kodirani in preneseni na stre\u017enik v za\u0161\u010diteni obliki. Tak sistem prepre\u010duje, da bi kdorkoli prestregel va\u0161e osebne podatke.<\/p>\n<p>Poker Dogodki obdeluje va\u0161e osebne podatke tudi na podlagi zakonske pravne podlage:<\/p>\n<p>na podlagi nacionalne zakonodaje, vklju\u010dno z Zakonom o prepre\u010devanju pranja denarja in financiranja terorizma (Uradni list RS, \u0161t. 68\/16 in 81\/19; ZPPDFT-1), Zakonom o varstvu osebnih podatkov (Uradni list RS, \u0161t. 94\/07 \u2013 uradno pre\u010di\u0161\u010deno besedilo; ZVOP-1), Zakonom o avtorskih in sorodnih pravicah (Uradni list RS, \u0161t. 16\/07 \u2013 uradno pre\u010di\u0161\u010deno besedilo, 68\/08, 110\/13, 56\/15 in 63\/16 \u2013 ZKUASP; ZASP) itd.,<br \/>na podlagi drugih mednarodnih pogodb in uredb EU, ki obvezujejo Poker Dogodke, da v dolo\u010denih primerih posredujejo osebne podatke posameznikov dr\u017eavnimi organom in drugim upravljavcem, da bi izpolnili svoje ali njihove zakonske obveznosti ali pristojnosti.<\/p>\n<h3>Poker Dogodki LAHKO OBDELUJE OSEBNE PODATKE NA PODLAGI LEGITIMNEGA INTERESA<\/h3>\n<p>za statisti\u010dne namene in namene zbiranja demografskih podatkov ter interesov obiskovalcev,<br \/>za prepoznavanje te\u017eav s stre\u017enikom in spletno stranjo,<br \/>za izvajanje poslovnih analiz,<br \/>za nadaljnji razvoj ponudbe,<br \/>za izbolj\u0161anje ali prilagajanje storitev posamezniku,<br \/>za dolo\u010ditev u\u010dinkovitosti promocijskih aktivnosti in ogla\u0161evanja,<br \/>na podlagi drugih legitmnih interesov.<br \/>V dolo\u010denih primerih lahko Poker Dogodki obdeluje va\u0161e osebne podatke na podlagi va\u0161ega osebnega soglasja za izvajanje tr\u017eenjskih aktivnosti, kot je po\u0161iljanje aktualnih novic in splo\u0161nih informacij o ponudbah, novostih, ugodnostih, dogodkih ali nagradnih igrah ter vas obve\u0161\u010dajo o ponudbi storitev, prilagojenih va\u0161im osebnim interesom na podlagi profiliranja, ki ga Poker Dogodki uporablja za te namene. Osebno soglasje je povsem prostovoljno in ni pogoj za sklenitev pogodbe. V teh primerih obdelava poteka v okviru navedenega namena in dogovorjenih na\u010dinov obve\u0161\u010danja, dokler soglasje ne bo preklicano.<\/p>\n<h3>NAMENI OBDELAVE OSEBNIH PODATKOV<\/h3>\n<p>Va\u0161e osebne podatke lahko uporabimo za enega ali ve\u010d od naslednjih namenov:<br \/>&#8211; komuniciranje z vami v zvezi s zagotavljanjem na\u0161ih storitev in odgovarjanje na va\u0161a vpra\u0161anja;<br \/>&#8211; sklenitev pogodbe in izpolnitev obveznosti, ki izhajajo iz sklenjene pogodbe;<br \/>&#8211; marketin\u0161ke komunikacije (po\u0161iljanje e-po\u0161tnih in SMS sporo\u010dil);<br \/>&#8211; uveljavitev morebitnih pravnih zahtevkov in re\u0161evanje sporov;<br \/>&#8211; za statisti\u010dne analize o uporabi na\u0161ih spletnih strani;<br \/>&#8211; za ogla\u0161evalske namene na zunanjih spletnih straneh.<\/p>\n<h3>Kako dolgo hranimo va\u0161e osebne podatke in kaj se zgodi z njimi po tem?<\/h3>\n<p>Obdobje hrambe osebnih podatkov je odvisno od podlage in namena obdelave vsake kategorije osebnih podatkov. Osebni podatki se hranijo le toliko \u010dasa, kolikor je predpisano ali dovoljeno ter absolutno potrebno za dosego namena, za katerega so bili zbrani ali nadalje obdelani. Po izpolnitvi namena bomo hranili le tiste osebne podatke, ki jih moramo hraniti na podlagi zakona ali ki bi jih morda potrebovali za dokazne ali obrambne namene, \u010de je obstajala mo\u017enost uveljavljanja pravnih zahtevkov. Ostali podatki se izbri\u0161ejo, uni\u010dijo, blokirajo ali anonimizirajo, razen \u010de zakon za posamezne vrste osebnih podatkov ne predvideva druga\u010de.<br \/>Hranimo va\u0161e osebne podatke, ki jih obdelujemo za po\u0161iljanje ponudb in obve\u0161\u010danje o novostih, dokler jih ne prekli\u010dete, ali<\/p>\n<p>do trenutka, ko prenehate uporabljati storitve Poker Dogodki.<br \/>Prav tako lahko do osebnih podatkov dostopajo poobla\u0161\u010dene osebe, ki so zaposlena v Poker Dogodki, tretje osebe, ki obdelujejo va\u0161e podatke v imenu Poker Dogodki ali zunanje institucije, kot so upravni organi, banke ali druge osebe v skladu z zakonskimi predpisi in obveznostmi.<\/p>\n<h3>Prostovoljno zagotavljanje podatkov in posledice neposredovanja<\/h3>\n<p>Zagotavljanje osebnih podatkov je prostovoljno. Ob vsakem zbiranju osebnih podatkov vam bomo ozna\u010dili, kateri podatki so tisti, katerih neposredovanje povzro\u010di dolo\u010dene posledice.<\/p>\n<h3>Kdo ima dostop do va\u0161ih osebnih podatkov, ki ste nam jih posredovali? Ali bomo va\u0161e osebne podatke razkrili tretjim osebam ali jih prenesli izven EU?<\/h3>\n<p>Dostop do va\u0161ih osebnih podatkov imajo le poobla\u0161\u010dene osebe znotraj na\u0161ega podjetja, ki so potrebne za izvajanje storitev. Va\u0161ih osebnih podatkov ne bomo razkrili tretjim osebam, razen \u010de to zahteva zakonodaja ali \u010de je potrebno za izvajanje pogodbenih obveznosti. Prav tako osebni podatki ne bodo preneseni izven EU, razen \u010de to izrecno zahteva zakonodaja ali pogodbeni dogovor.<\/p>\n<h3>Kak\u0161ne pravice imate v zvezi z obdelavo osebnih podatkov?<\/h3>\n<p>Kadarkoli lahko zahtevate vpogled v va\u0161e osebne podatke, njihovo popravljanje ali izbris, omejitev obdelave ali ugovarjate obdelavi. O tem vas bomo obvestili, \u010de bo ta zahteva vplivala na nadaljnje delovanje te spletne strani. V dolo\u010denih primerih imate tudi pravico, da svoje osebne podatke prenesete k drugemu upravljavcu. To je odvisno od tehni\u010dnih zmo\u017enosti in notranjih politik posameznega operaterja.<\/p>\n<p>Kadarkoli lahko prekli\u010dete svoje soglasje za obdelavo osebnih podatkov v zvezi s po\u0161iljanjem ponudb in obve\u0161\u010danjem o novostih. Preklic soglasja ne vpliva na zakonitost obdelave osebnih podatkov na podlagi tega soglasja v obdobju pred preklicem.<\/p>\n<p>Poker Dogodki ne prevzema odgovornosti za pristnost, to\u010dnost in a\u017eurnost osebnih podatkov, ki jih posredujete. Uporabnik je dol\u017ean zagotoviti to\u010dnost in a\u017eurnost vseh posredovanih podatkov.<\/p>\n<p>V primeru kr\u0161itve varstva osebnih podatkov vas bomo obvestili v skladu z veljavnimi zakonskimi dolo\u010dili.<\/p>\n<h3>Postopek uveljavljanja pravic<\/h3>\n<p>Za uveljavljanje va\u0161ih pravic v zvezi z osebnimi podatki se lahko obrnete pisno na katerikoli kontakt, naveden na za\u010detku tega dokumenta pod &#8222;Upravljavec osebnih podatkov in kontaktni podatki&#8220;.<\/p>\n<p>Za zanesljivo identifikacijo v primeru uveljavljanja pravic v zvezi z osebnimi podatki vam lahko zahtevamo dodatne informacije. Ukrepali bomo le, \u010de bomo dokazali, da vas ne moremo zanesljivo identificirati.<\/p>\n<p>Na va\u0161e zahteve v zvezi z uveljavljanjem pravic v zvezi z osebnimi podatki bomo odgovorili brez nepotrebnega odla\u0161anja in najpozneje v enem mesecu po prejemu va\u0161e zahteve.<\/p>\n<p>Vsaka sprememba na\u0161e politike zasebnosti bo objavljena na tej spletni strani.<\/p>\n<h3>Pravica do vlo\u017eitve prito\u017ebe<\/h3>\n<p>Kadarkoli lahko vlo\u017eite prito\u017ebo glede obdelave osebnih podatkov pri nadzornem organu v Sloveniji, tj. pri Informacijskem poobla\u0161\u010dencu, na naslovu Dunajska 22, 1000 Ljubljana.<\/p>\n<h3>Izklju\u010ditev odgovornosti<\/h3>\n<p>Poker Dogodki ne prevzema odgovornosti za \u0161kodo, ki vam je nastala zaradi napa\u010dnih, la\u017enih, nepopolnih ali zastarelih informacij, ki ste jih posredovali ponudniku.<br \/>Enako velja za odgovornost Poker Dogodki, \u010de \u0161koda nastane iz kateregakoli razloga na va\u0161i strani. Za varnost podatkov, ki jih posredujete, ste izklju\u010dno odgovorni.<br \/>Ko je sklenjena pogodba med ponudnikom in uporabnikom, se v vsakem primeru upo\u0161tevajo dolo\u010dbe, ki urejajo to razmerje (pogodba, splo\u0161ni pogoji itd.), vklju\u010dno z izklju\u010ditvami in omejitvami odgovornosti ponudnika.<\/p>\n<h3>Pi\u0161kotki<\/h3>\n<p>Osnova za obvestilo o pi\u0161kotkih je spremenjeni Zakon o elektronskih komunikacijah (ZEKom-2), ki je stopil v veljavo v za\u010detku leta 2013 in uvedel nova pravila glede uporabe pi\u0161kotkov in podobnih tehnologij za shranjevanje informacij ali dostop do informacij, shranjenih na uporabnikovem ra\u010dunalniku ali mobilni napravi.<\/p>\n<h3>Kaj so pi\u0161kotki?<\/h3>\n<p>Pi\u0161kotek je majhna besedilna datoteka, ki se prenese na uporabnikov ra\u010dunalnik, ko obi\u0161\u010de spletno stran. Obi\u010dajno vsebuje ime stre\u017enika, s katerega je bil pi\u0161kotek poslan, \u010das trajanja pi\u0161kotka in njegovo vrednost \u2013 naklju\u010dno ustvarjeno edinstveno \u0161tevilko.<\/p>\n<p>Sam pi\u0161kotek ne vsebuje ali zbira podatkov. Vendar pa, \u010de ga stre\u017enik prebere skupaj z brskalnikom, lahko pomaga spletni strani, da zagotovi bolj prijazne storitve za uporabnika, npr. da si zapomni uporabni\u0161ko ime in geslo za prihodnjo prijavo ali da si zapomni prej\u0161nje nakupe ali informacije o uporabni\u0161kem ra\u010dunu. Pi\u0161kotek lahko bere in uporablja samo stre\u017enik, ki ga je poslal. Na zaupanja vredni spletni strani lahko pi\u0161kotki obogatijo uporabni\u0161ko izku\u0161njo. Vendar pa se lahko pi\u0161kotki uporabljajo tudi na na\u010din, ki pomeni poseg v zasebnost posameznika. Pi\u0161kotki niso \u0161kodljivi in so vedno omejeni s \u010dasovnim obdobjem.<\/p>\n<h3>Namen pi\u0161kotkov<\/h3>\n<p>Namen pi\u0161kotkov je izbolj\u0161ati delovanje spletne strani in uporabni\u0161ko izku\u0161njo pri ogledu spletnih strani. Interakcija med vami in spletnimi stranmi je hitrej\u0161a in la\u017eja s pi\u0161kotki. S pomo\u010djo pi\u0161kotkov spletna stran zapomni va\u0161e osebne nastavitve in izku\u0161nje. To vam prihrani \u010das in naredi brskanje po spletnih straneh bolj u\u010dinkovito.<\/p>\n<h3>Pi\u0161kotki Poker Dogodki<\/h3>\n<p>Na spletni strani uporabljamo samo tiste pi\u0161kotke, ki so dovoljeni v skladu z zakonodajo ZEKom-1. Uporabljamo le tiste pi\u0161kotke, ki so nujno potrebni za delovanje te spletne strani. Za bele\u017eenje statistike obiska strani uporabljamo sistem, ki bele\u017ei le sejo s pi\u0161kotkom in ne sledi va\u0161emu nadaljnjemu obna\u0161anju na spletni strani ali v povezavi z drugimi spletnimi stranmi. Z nadaljevanjem uporabe te spletne strani se strinjate z uporabo pi\u0161kotkov, opisanih spodaj.<\/p>\n<p>Nekateri pi\u0161kotki, ki jih uporabljamo, so za\u010dasni, drugi pa se shranijo na va\u0161i napravi za dolo\u010den \u010das, tudi po tem, ko zapustite na\u0161o spletno stran. Za za\u010dasne pi\u0161kotke jih uporabljamo za merjenje \u0161tevila obiskovalcev spletne strani, kar omogo\u010da preverjanje u\u010dinkovitosti prikaza vsebine in relevantnosti oglasov, ter stalno izbolj\u0161evanje spletnih strani. S shranjenimi pi\u0161kotki hranimo kontaktne podatke za kasnej\u0161e obiske spletne strani, da se vam ni treba ponovno prijaviti ob naslednjem obisku, ali pa se spletna vsebina prilagodi va\u0161i napravi. Uporabljamo tudi shranjene pi\u0161kotke, ki izvirajo z drugih spletnih strani, npr. Facebooka, Twitterja, Google-a in drugih. \u010ce se ne strinjate z njihovo uporabo, pi\u0161kotki ne bodo name\u0161\u010deni.<\/p>\n<p>Poleg tega uporabljamo pi\u0161kotke za dolo\u010ditev, kako se premikate po na\u0161ih spletnih straneh, katera vsebina vas zanima in kako dolgo je trajal va\u0161 obisk. Na podlagi tega lahko uredimo vsebino spletnih strani in jo prilagodimo va\u0161im potrebam.<br \/>Podatki, ki jih zbiramo preko pi\u0161kotkov, se obdelujejo izklju\u010dno za statisti\u010dne namene in za zbiranje demografskih podatkov ter interesov obiskovalcev (vendar na na\u010din, da va\u0161a identiteta ne more biti ugotovljena), za prepoznavanje te\u017eav s stre\u017enikom, za urejanje spletnih strani in obve\u0161\u010danje o izdelkih, za sledenje uporabnika skozi razli\u010dne spletne strani, prilagoditev vsebine njegovim interesom in za tr\u017ene ter ogla\u0161evalske namene.<\/p>\n<p><span style=\"color: #282828;\"><a style=\"color: #282828;\" href=\"https:\/\/casinogame.si\/sr\/cookie-policy\/\">Pravilnik o pi\u0161kotkih<\/a><\/span><\/p>\n<p>\u00a0<\/p>\n<h3>Kon\u010dne dolo\u010dbe<\/h3>\n<p class=\"mb-0\">Priporo\u010damo, da poleg tega obvestila preberete tudi Splo\u0161ne pogoje poslovanja, ki so objavljeni na spletni strani in skupaj s tem obvestilom tvorijo zavezujo\u010d pogodbeni odnos med vami in Poker Dogodki.<br \/>Ta dokument za\u010dne veljati 1. septembra 2024 in ga lahko kadarkoli spremenimo.<\/p>\n\t\t\t<\/div>\n\t\n\t\t<\/div>\n\t\t\t\t\n<style>\n#col-779391645 > .col-inner {\n  padding: 30px 0px 30px 0px;\n}\n<\/style>\n\t<\/div>\n\n\t\n<\/div>\n","protected":false},"excerpt":{"rendered":"","protected":false},"author":1,"featured_media":0,"parent":0,"menu_order":0,"comment_status":"closed","ping_status":"open","template":"page-blank.php","meta":{"footnotes":""},"class_list":["post-3371","page","type-page","status-publish","hentry"],"_links":{"self":[{"href":"https:\/\/casinogame.si\/sr\/wp-json\/wp\/v2\/pages\/3371","targetHints":{"allow":["GET"]}}],"collection":[{"href":"https:\/\/casinogame.si\/sr\/wp-json\/wp\/v2\/pages"}],"about":[{"href":"https:\/\/casinogame.si\/sr\/wp-json\/wp\/v2\/types\/page"}],"author":[{"embeddable":true,"href":"https:\/\/casinogame.si\/sr\/wp-json\/wp\/v2\/users\/1"}],"replies":[{"embeddable":true,"href":"https:\/\/casinogame.si\/sr\/wp-json\/wp\/v2\/comments?post=3371"}],"version-history":[{"count":11,"href":"https:\/\/casinogame.si\/sr\/wp-json\/wp\/v2\/pages\/3371\/revisions"}],"predecessor-version":[{"id":5217,"href":"https:\/\/casinogame.si\/sr\/wp-json\/wp\/v2\/pages\/3371\/revisions\/5217"}],"wp:attachment":[{"href":"https:\/\/casinogame.si\/sr\/wp-json\/wp\/v2\/media?parent=3371"}],"curies":[{"name":"wp","href":"https:\/\/api.w.org\/{rel}","templated":true}]}}