{"id":1545,"date":"2024-10-22T06:52:09","date_gmt":"2024-10-22T06:52:09","guid":{"rendered":"https:\/\/staging.pokerdogodki.si\/adatvedelmi-tajekoztato\/"},"modified":"2025-09-11T13:05:20","modified_gmt":"2025-09-11T13:05:20","slug":"adatvedelmi-tajekoztato","status":"publish","type":"page","link":"https:\/\/casinogame.si\/hu\/adatvedelmi-tajekoztato\/","title":{"rendered":"ADATV\u00c9DELMI T\u00c1J\u00c9KOZTAT\u00d3"},"content":{"rendered":"<div class=\"row pb-0\"  id=\"row-1072942904\">\n\n\t<div id=\"col-132769732\" class=\"col pb-0 small-12 large-12\"  >\n\t\t\t\t<div class=\"col-inner\"  >\n\t\t\t\n\t\t\t\n\t<div id=\"text-928411195\" class=\"text pb-0 mb-0\">\n\t\t\n<h1 style=\"color: black !important\">ADATV\u00c9DELMI T\u00c1J\u00c9KOZTAT\u00d3<\/h1>\n<p>Jelen Adatv\u00e9delmi \u00e9s szem\u00e9lyes adatok v\u00e9delm\u00e9r\u0151l sz\u00f3l\u00f3 t\u00e1j\u00e9koztat\u00f3 (\u201eT\u00e1j\u00e9koztat\u00f3\u201d) c\u00e9lja, hogy ismertess\u00fck, mely szem\u00e9lyes adatokat gy\u0171jtj\u00fck \u00e9s milyen c\u00e9lb\u00f3l, mit tesz\u00fcnk ezekkel az adatokkal, hogyan gondoskodunk a biztons\u00e1gukr\u00f3l, valamint hogy milyen jogok illetik meg \u00d6nt a szem\u00e9lyes adatok kezel\u00e9se kapcs\u00e1n. A szem\u00e9lyes adatok v\u00e9delm\u00e9t rendk\u00edv\u00fcl komolyan \u00e9s felel\u0151ss\u00e9gteljesen vessz\u00fck. Teljes m\u00e9rt\u00e9kben tiszteletben tartjuk a jogszer\u0171, tisztess\u00e9ges \u00e9s \u00e1tl\u00e1that\u00f3 adatkezel\u00e9sre vonatkoz\u00f3 k\u00f6telezetts\u00e9geinket. Javasoljuk, hogy a T\u00e1j\u00e9koztat\u00f3t figyelmesen olvassa el. Az adatv\u00e9delmi szab\u00e1lyoz\u00e1soknak val\u00f3 megfelel\u00e9s biztos\u00edt\u00e1sa \u00e9rdek\u00e9ben <br \/>a SINTEZA d.o.o. (a tov\u00e1bbiakban: Poker Dogodki) fenntartja a jogot a T\u00e1j\u00e9koztat\u00f3 m\u00f3dos\u00edt\u00e1s\u00e1ra vagy kieg\u00e9sz\u00edt\u00e9s\u00e9re. Az esetleges v\u00e1ltoztat\u00e1sokr\u00f3l megfelel\u0151 id\u0151ben \u00e9s m\u00f3don t\u00e1j\u00e9koztatjuk, pl. e-mailben vagy a weboldalon t\u00f6rt\u00e9n\u0151 k\u00f6zz\u00e9t\u00e9tellel.<\/p>\n<h3>AZ ADATKEZEL\u0150 ADATAI<\/h3>\n<p>SINTEZA d.o.o.<br \/>Lo\u017earjeva 14<br \/>1000 Ljubljana<br \/>Szlov\u00e9nia, EU<br \/>\u00c1FA-azonos\u00edt\u00f3: SI 67730337<br \/>C\u00e9gjegyz\u00e9ksz\u00e1m: 5412897000<br \/>E-mail: <span style=\"color: #282828;\"><a style=\"color: #282828;\" href=\"mailto:primoz@casinogame.si\">primoz@casinogame.si<\/a><\/span><\/p>\n<h3>ADATFELDOLGOZ\u00d3:<\/h3>\n<p>Adatfeldolgoz\u00f3:<br \/>WPM, webes szolg\u00e1ltat\u00e1sok, d.o.o.<br \/>Brn\u010di\u0107eva ulica 13,<br \/>1231 Ljubljana \u2013 \u010crnu\u010de Trzin<br \/>E-mail:<span style=\"color: #282828;\"><a style=\"color: #282828;\" href=\"mailto:info@wpm.si\"> info@wpm.si<\/a><\/span><\/p>\n<p>Az adatfeldolgoz\u00f3 a Poker Dogodki megb\u00edz\u00e1s\u00e1b\u00f3l kezeli a szem\u00e9lyes adatokat. A szem\u00e9lyes adatok kezel\u00e9s\u00e9vel kapcsolatos b\u00e1rmely k\u00e9rd\u00e9ssel a fenti e-mail c\u00edmen \u00e9rhet\u0151k el.<\/p>\n<h3>AZ \u00c1LTALUNK KEZELT SZEM\u00c9LYES ADATOK K\u00d6RE<\/h3>\n<p>Alapvet\u0151 kapcsolattart\u00e1si adatok: keresztn\u00e9v, vezet\u00e9kn\u00e9v, telefonsz\u00e1m, e-mail-c\u00edm.<br \/>Inform\u00e1ci\u00f3k a weboldalunk haszn\u00e1lat\u00e1r\u00f3l: linkekre t\u00f6rt\u00e9n\u0151 kattint\u00e1sok, az oldalon elt\u00f6lt\u00f6tt id\u0151, valamint az e-mailekkel kapcsolatos interakci\u00f3k, p\u00e9ld\u00e1ul hogy megnyitotta-e az \u00fczenetet \u00e9s mely linkekre kattintott.<br \/>Szerver-inform\u00e1ci\u00f3k: a l\u00e1togat\u00e1s d\u00e1tuma \u00e9s id\u0151pontja, felkeresett aloldalak, megtekintett vagy k\u00e9rt inform\u00e1ci\u00f3k stb.<br \/>Eszk\u00f6zinform\u00e1ci\u00f3k: a weboldal el\u00e9r\u00e9s\u00e9re haszn\u00e1lt sz\u00e1m\u00edt\u00f3g\u00e9p vagy mobil eszk\u00f6z adatai, bele\u00e9rtve az oper\u00e1ci\u00f3s rendszert, a modellt, a b\u00f6ng\u00e9sz\u0151t stb.<br \/>Inform\u00e1ci\u00f3k a weboldalunk haszn\u00e1lat\u00e1r\u00f3l.<br \/>Aggreg\u00e1lt adatok hirdet\u00e9si \u00e9s marketing c\u00e9lokra.<\/p>\n<h3>A SZEM\u00c9LYES ADATOK KEZEL\u00c9S\u00c9NEK JOGALAPJA<\/h3>\n<p>Szem\u00e9lyes adatait csak akkor gy\u0171jtj\u00fck, ha az felt\u00e9tlen\u00fcl sz\u00fcks\u00e9ges, vagy \u00d6n ehhez hozz\u00e1j\u00e1rult. Nem kezelj\u00fck szem\u00e9lyes adatait, ha a kezel\u00e9s c\u00e9lja vagy jogalapja nincs megfelel\u0151en megalapozva a vonatkoz\u00f3 adatv\u00e9delmi jogszab\u00e1lyok szerint (a szem\u00e9lyes adatok v\u00e9delm\u00e9r\u0151l sz\u00f3l\u00f3 jogszab\u00e1lyok, az (EU) 2016\/679 rendelet \u2013 GDPR \u2013 \u00e9s az elektronikus h\u00edrk\u00f6zl\u00e9sr\u0151l sz\u00f3l\u00f3 jogszab\u00e1lyok).<\/p>\n<p>A Poker Dogodki az al\u00e1bbi jogalapok alapj\u00e1n kezeli az \u00d6n szem\u00e9lyes adatait:<\/p>\n<p>A weboldalunk felkeres\u00e9s\u00e9vel elfogadta az oldal haszn\u00e1lati felt\u00e9teleit, \u00e9s szerz\u0151d\u00e9st k\u00f6t\u00f6tt a Poker Dogodkival, amely a szem\u00e9lyes adatai kezel\u00e9s\u00e9nek jogalapj\u00e1t k\u00e9pezi. Az adatok titkos\u00edtva \u00e9s v\u00e9dett form\u00e1ban ker\u00fclnek a szerverre, \u00edgy megakad\u00e1lyozva, hogy b\u00e1rki illet\u00e9ktelen\u00fcl hozz\u00e1f\u00e9rjen.<\/p>\n<p>A Poker Dogodki jogi k\u00f6telezetts\u00e9g alapj\u00e1n is kezel szem\u00e9lyes adatokat:<\/p>\n<p>nemzeti jogszab\u00e1lyok, a GDPR, valamint egy\u00e9b nemzetk\u00f6zi egyezm\u00e9nyek \u00e9s uni\u00f3s rendeletek alapj\u00e1n, amelyek egyes esetekben k\u00f6telezik a Poker Dogodkit, hogy szem\u00e9lyes adatokat adjon \u00e1t hat\u00f3s\u00e1goknak vagy m\u00e1s adatkezel\u0151knek jogi k\u00f6telezetts\u00e9geik vagy hat\u00e1sk\u00f6reik teljes\u00edt\u00e9se \u00e9rdek\u00e9ben.<\/p>\n<h3>A Poker Dogodki JOGOS \u00c9RDEK ALAPJ\u00c1N IS KEZELHET SZEM\u00c9LYES ADATOKAT<\/h3>\n<p>statisztikai c\u00e9lokra \u00e9s a l\u00e1togat\u00f3k demogr\u00e1fiai adatainak, \u00e9rdekl\u0151d\u00e9s\u00e9nek gy\u0171jt\u00e9s\u00e9re,<br \/>a szerver- \u00e9s weboldalhib\u00e1k azonos\u00edt\u00e1s\u00e1ra,<br \/>\u00fczleti elemz\u00e9sek v\u00e9gz\u00e9s\u00e9re,<br \/>szolg\u00e1ltat\u00e1si k\u00edn\u00e1latunk tov\u00e1bbfejleszt\u00e9s\u00e9re,<br \/>szolg\u00e1ltat\u00e1saink jav\u00edt\u00e1s\u00e1ra vagy szem\u00e9lyre szab\u00e1s\u00e1ra,<br \/>prom\u00f3ci\u00f3s \u00e9s hirdet\u00e9si tev\u00e9kenys\u00e9gek hat\u00e9konys\u00e1g\u00e1nak m\u00e9r\u00e9s\u00e9re,<br \/>egy\u00e9b jogos \u00e9rdek alapj\u00e1n.<br \/>Bizonyos esetekben a Poker Dogodki az \u00d6n hozz\u00e1j\u00e1rul\u00e1sa alapj\u00e1n marketing c\u00e9lokra is kezelheti szem\u00e9lyes adatait, p\u00e9ld\u00e1ul h\u00edrlevelek \u00e9s \u00e1ltal\u00e1nos t\u00e1j\u00e9koztat\u00f3k k\u00fcld\u00e9s\u00e9re aj\u00e1nlatokr\u00f3l, \u00fajdons\u00e1gokr\u00f3l, kedvezm\u00e9nyekr\u0151l, esem\u00e9nyekr\u0151l vagy nyerem\u00e9nyj\u00e1t\u00e9kokr\u00f3l, valamint olyan szolg\u00e1ltat\u00e1sokr\u00f3l val\u00f3 t\u00e1j\u00e9koztat\u00e1sra, amelyek az \u00d6n \u00e9rdekl\u0151d\u00e9s\u00e9hez profilalkot\u00e1s \u00fatj\u00e1n igazodnak. A hozz\u00e1j\u00e1rul\u00e1s teljes m\u00e9rt\u00e9kben \u00f6nk\u00e9ntes, \u00e9s nem felt\u00e9tele a szerz\u0151d\u00e9sk\u00f6t\u00e9snek. Ilyen esetekben az adatkezel\u00e9s a megjel\u00f6lt c\u00e9lokra \u00e9s a meg\u00e1llapodott kommunik\u00e1ci\u00f3s csatorn\u00e1kon t\u00f6rt\u00e9nik a hozz\u00e1j\u00e1rul\u00e1s visszavon\u00e1s\u00e1ig.<\/p>\n<h3>AZ ADATKEZEL\u00c9S C\u00c9LJAI<\/h3>\n<p>Szem\u00e9lyes adatait az al\u00e1bbi c\u00e9lok egyik\u00e9re vagy t\u00f6bbj\u00e9re haszn\u00e1lhatjuk:<br \/>&#8211; kommunik\u00e1ci\u00f3 az \u00d6nnel ny\u00fajtott szolg\u00e1ltat\u00e1sainkkal kapcsolatban \u00e9s megkeres\u00e9seire adott v\u00e1lasz;<br \/>&#8211; szerz\u0151d\u00e9sk\u00f6t\u00e9s \u00e9s a szerz\u0151d\u00e9ses k\u00f6telezetts\u00e9gek teljes\u00edt\u00e9se;<br \/>&#8211; marketingkommunik\u00e1ci\u00f3 (e-mailek \u00e9s SMS-ek k\u00fcld\u00e9se);<br \/>&#8211; jogi ig\u00e9nyek \u00e9rv\u00e9nyes\u00edt\u00e9se \u00e9s vit\u00e1k rendez\u00e9se;<br \/>&#8211; a weboldal haszn\u00e1lat\u00e1ra vonatkoz\u00f3 statisztikai elemz\u00e9sek;<br \/>&#8211; hirdet\u00e9si c\u00e9lok k\u00fcls\u0151 weboldalakon.<\/p>\n<h3>Meddig \u0151rizz\u00fck meg szem\u00e9lyes adatait, \u00e9s mi t\u00f6rt\u00e9nik ezt k\u00f6vet\u0151en?<\/h3>\n<p>A meg\u0151rz\u00e9si id\u0151 az egyes adatkategori\u00e1k kezel\u00e9s\u00e9nek jogalapj\u00e1t\u00f3l \u00e9s c\u00e9lj\u00e1t\u00f3l f\u00fcgg. A szem\u00e9lyes adatokat csak a jogszab\u00e1lyban el\u0151\u00edrt vagy megengedett, illetve a c\u00e9l el\u00e9r\u00e9s\u00e9hez felt\u00e9tlen\u00fcl sz\u00fcks\u00e9ges ideig \u0151rizz\u00fck meg. A c\u00e9l megval\u00f3sul\u00e1s\u00e1t k\u00f6vet\u0151en csak azokat az adatokat tartjuk meg, amelyeket jogszab\u00e1ly \u00edr el\u0151, vagy amelyekre bizony\u00edt\u00e1si vagy v\u00e9dekez\u00e9si c\u00e9lb\u00f3l sz\u00fcks\u00e9g lehet. A t\u00f6bbi adatot t\u00f6r\u00f6lj\u00fck, megsemmis\u00edtj\u00fck, z\u00e1roljuk vagy anonimiz\u00e1ljuk, hacsak a jogszab\u00e1ly m\u00e1sk\u00e9nt nem rendelkezik.<br \/>Az aj\u00e1nlatok \u00e9s h\u00edrlevelek k\u00fcld\u00e9s\u00e9hez kezelt szem\u00e9lyes adatokat a hozz\u00e1j\u00e1rul\u00e1s visszavon\u00e1s\u00e1ig \u0151rizz\u00fck meg, vagy<\/p>\n<p>am\u00edg \u00d6n nem sz\u00fcnteti meg a Poker Dogodki szolg\u00e1ltat\u00e1sainak ig\u00e9nybev\u00e9tel\u00e9t.<br \/>A szem\u00e9lyes adatokhoz hozz\u00e1f\u00e9rhetnek a Poker Dogodkin\u00e1l foglalkoztatott, arra felhatalmazott szem\u00e9lyek, a Poker Dogodki megb\u00edz\u00e1s\u00e1b\u00f3l adatot kezel\u0151 harmadik felek, valamint k\u00fcls\u0151 int\u00e9zm\u00e9nyek, p\u00e9ld\u00e1ul hat\u00f3s\u00e1gok, bankok vagy m\u00e1s szervezetek a jogszab\u00e1lyi el\u0151\u00edr\u00e1sok szerint.<\/p>\n<h3>\u00d6nk\u00e9ntes adatszolg\u00e1ltat\u00e1s \u00e9s a nem teljes\u00edt\u00e9s k\u00f6vetkezm\u00e9nyei<\/h3>\n<p>A szem\u00e9lyes adatok megad\u00e1sa \u00f6nk\u00e9ntes. Minden adatgy\u0171jt\u00e9skor jelezz\u00fck, mely adatok k\u00f6telez\u0151ek, \u00e9s a meg nem ad\u00e1suk milyen k\u00f6vetkezm\u00e9nyekkel j\u00e1r.<\/p>\n<h3>Kik f\u00e9rnek hozz\u00e1 az \u00d6n \u00e1ltal megadott szem\u00e9lyes adatokhoz? Harmadik f\u00e9lnek tov\u00e1bb\u00edtjuk-e, illetve az EU-n k\u00edv\u00fclre ker\u00fclnek-e tov\u00e1bb\u00edt\u00e1sra?<\/h3>\n<p>Szem\u00e9lyes adataihoz kiz\u00e1r\u00f3lag a szolg\u00e1ltat\u00e1sny\u00fajt\u00e1shoz sz\u00fcks\u00e9ges, v\u00e1llalatunkon bel\u00fcli felhatalmazott szem\u00e9lyek f\u00e9rnek hozz\u00e1. Szem\u00e9lyes adatait nem adjuk \u00e1t harmadik f\u00e9lnek, kiv\u00e9ve, ha azt jogszab\u00e1ly \u00edrja el\u0151, vagy szerz\u0151d\u00e9ses k\u00f6telezetts\u00e9gek teljes\u00edt\u00e9s\u00e9hez sz\u00fcks\u00e9ges. Szem\u00e9lyes adatai nem ker\u00fclnek az EU-n k\u00edv\u00fclre tov\u00e1bb\u00edt\u00e1sra, kiv\u00e9ve, ha azt jogszab\u00e1ly vagy szerz\u0151d\u00e9s kifejezetten el\u0151\u00edrja.<\/p>\n<h3>Az \u00d6n jogai a szem\u00e9lyes adatok kezel\u00e9se kapcs\u00e1n<\/h3>\n<p>B\u00e1rmikor k\u00e9rheti szem\u00e9lyes adataihoz val\u00f3 hozz\u00e1f\u00e9r\u00e9st, azok helyesb\u00edt\u00e9s\u00e9t vagy t\u00f6rl\u00e9s\u00e9t, az adatkezel\u00e9s korl\u00e1toz\u00e1s\u00e1t, illetve tiltakozhat az adatkezel\u00e9s ellen. T\u00e1j\u00e9koztatjuk, ha k\u00e9relme a weboldal tov\u00e1bbi m\u0171k\u00f6d\u00e9s\u00e9t \u00e9rinti. Bizonyos esetekben joga van adatait m\u00e1sik adatkezel\u0151h\u00f6z tov\u00e1bb\u00edttatni, a technikai lehet\u0151s\u00e9gekt\u0151l \u00e9s a bels\u0151 szab\u00e1lyoz\u00e1st\u00f3l f\u00fcgg\u0151en.<\/p>\n<p>A marketingc\u00e9l\u00fa adatkezel\u00e9shez adott hozz\u00e1j\u00e1rul\u00e1s\u00e1t b\u00e1rmikor visszavonhatja. A visszavon\u00e1s nem \u00e9rinti a visszavon\u00e1s el\u0151tti, hozz\u00e1j\u00e1rul\u00e1son alapul\u00f3 adatkezel\u00e9s jogszer\u0171s\u00e9g\u00e9t.<\/p>\n<p>A Poker Dogodki nem v\u00e1llal felel\u0151ss\u00e9get az \u00d6n \u00e1ltal megadott szem\u00e9lyes adatok hiteless\u00e9g\u00e9\u00e9rt, pontoss\u00e1g\u00e1\u00e9rt \u00e9s naprak\u00e9szs\u00e9g\u00e9\u00e9rt. A felhaszn\u00e1l\u00f3 felel\u0151ss\u00e9ge a megadott adatok pontoss\u00e1g\u00e1nak \u00e9s friss\u00edt\u00e9s\u00e9nek biztos\u00edt\u00e1sa.<\/p>\n<p>Szem\u00e9lyes adatok megs\u00e9rt\u00e9se eset\u00e9n a hat\u00e1lyos jogszab\u00e1lyoknak megfelel\u0151en \u00e9rtes\u00edtj\u00fck \u00d6nt.<\/p>\n<h3>Jogai gyakorl\u00e1s\u00e1nak menete<\/h3>\n<p>Jogai gyakorl\u00e1sa \u00e9rdek\u00e9ben \u00edr\u00e1sban fordulhat a jelen dokumentum elej\u00e9n, az \u201eAdatkezel\u0151 \u00e9s el\u00e9rhet\u0151s\u00e9gei\u201d r\u00e9szben megadott b\u00e1rmely kapcsolattart\u00f3hoz.<\/p>\n<p>A megb\u00edzhat\u00f3 azonos\u00edt\u00e1s \u00e9rdek\u00e9ben tov\u00e1bbi inform\u00e1ci\u00f3kat k\u00e9rhet\u00fcnk. Csak akkor j\u00e1runk el, ha \u00d6nt m\u00e1s m\u00f3don nem tudjuk megb\u00edzhat\u00f3an azonos\u00edtani.<\/p>\n<p>K\u00e9relmeire indokolatlan k\u00e9sedelem n\u00e9lk\u00fcl, de legk\u00e9s\u0151bb egy h\u00f3napon bel\u00fcl v\u00e1laszolunk.<\/p>\n<p>Adatv\u00e9delmi t\u00e1j\u00e9koztat\u00f3nk b\u00e1rmely m\u00f3dos\u00edt\u00e1s\u00e1t ezen a weboldalon tessz\u00fck k\u00f6zz\u00e9.<\/p>\n<h3>Panasz beny\u00fajt\u00e1s\u00e1nak joga<\/h3>\n<p>B\u00e1rmikor beny\u00fajthat panaszt a szem\u00e9lyes adatok kezel\u00e9s\u00e9vel kapcsolatban a szlov\u00e9n fel\u00fcgyeleti hat\u00f3s\u00e1gn\u00e1l, az Inform\u00e1ci\u00f3s Biztosn\u00e1l (Informacijski poobla\u0161\u010denec), c\u00edme: Dunajska 22, 1000 Ljubljana.<\/p>\n<h3>Felel\u0151ss\u00e9gkiz\u00e1r\u00e1s<\/h3>\n<p>A Poker Dogodki nem v\u00e1llal felel\u0151ss\u00e9get az \u00d6n \u00e1ltal szolg\u00e1ltatott t\u00e9ves, val\u00f3tlan, hi\u00e1nyos vagy elavult inform\u00e1ci\u00f3kb\u00f3l ered\u0151 k\u00e1rok\u00e9rt.<br \/>Ugyanez \u00e9rv\u00e9nyes, ha a k\u00e1r b\u00e1rmely, \u00d6nn\u00e9l felmer\u00fclt okb\u00f3l k\u00f6vetkezik be. Az \u00d6n \u00e1ltal megadott adatok biztons\u00e1g\u00e1\u00e9rt kiz\u00e1r\u00f3lag \u00d6n felel\u0151s.<br \/>Amennyiben a szolg\u00e1ltat\u00f3 \u00e9s a felhaszn\u00e1l\u00f3 k\u00f6z\u00f6tt szerz\u0151d\u00e9s j\u00f6n l\u00e9tre, minden esetben az adott jogviszonyt szab\u00e1lyoz\u00f3 rendelkez\u00e9sek (szerz\u0151d\u00e9s, \u00e1ltal\u00e1nos szerz\u0151d\u00e9si felt\u00e9telek stb.) ir\u00e1nyad\u00f3k, bele\u00e9rtve a szolg\u00e1ltat\u00f3 felel\u0151ss\u00e9gkiz\u00e1r\u00e1sait \u00e9s -korl\u00e1toz\u00e1sait.<\/p>\n<h3>S\u00fctik<\/h3>\n<p>A S\u00fctikre vonatkoz\u00f3 jelen t\u00e1j\u00e9koztat\u00f3 alapja a m\u00f3dos\u00edtott elektronikus h\u00edrk\u00f6zl\u00e9si t\u00f6rv\u00e9ny (ZEKom-2), amely 2013 elej\u00e9n l\u00e9pett hat\u00e1lyba, \u00e9s \u00faj szab\u00e1lyokat vezetett be a s\u00fctik \u00e9s hasonl\u00f3 technol\u00f3gi\u00e1k haszn\u00e1lat\u00e1ra a felhaszn\u00e1l\u00f3 eszk\u00f6z\u00e9n t\u00e1rolt inform\u00e1ci\u00f3k el\u00e9r\u00e9s\u00e9re vagy t\u00e1rol\u00e1s\u00e1ra.<\/p>\n<h3>Mik azok a s\u00fctik?<\/h3>\n<p>A s\u00fcti egy kis sz\u00f6veges f\u00e1jl, amely egy weboldal felkeres\u00e9sekor ker\u00fcl a felhaszn\u00e1l\u00f3 sz\u00e1m\u00edt\u00f3g\u00e9p\u00e9re. \u00c1ltal\u00e1ban tartalmazza a k\u00fcld\u0151 szerver nev\u00e9t, a s\u00fcti \u00e9lettartam\u00e1t \u00e9s \u00e9rt\u00e9k\u00e9t \u2013 egy v\u00e9letlenszer\u0171en gener\u00e1lt, egyedi sz\u00e1mot.<\/p>\n<p>Mag\u00e1ban a s\u00fcti nem tartalmaz \u00e9s nem is gy\u0171jt adatokat. A szerver azonban a b\u00f6ng\u00e9sz\u0151vel egy\u00fctt olvasva seg\u00edtheti a weboldalt felhaszn\u00e1l\u00f3bar\u00e1tabb szolg\u00e1ltat\u00e1sok ny\u00fajt\u00e1s\u00e1ban, p\u00e9ld\u00e1ul megjegyezheti a felhaszn\u00e1l\u00f3nevet \u00e9s jelsz\u00f3t a k\u00f6vetkez\u0151 bejelentkez\u00e9shez, vagy a kor\u00e1bbi v\u00e1s\u00e1rl\u00e1sokat, illetve a fi\u00f3kadatokat. A s\u00fctit csak az a szerver olvashatja \u00e9s haszn\u00e1lhatja, amely azt elk\u00fcldte. Megb\u00edzhat\u00f3 weboldalon a s\u00fctik jav\u00edtj\u00e1k a felhaszn\u00e1l\u00f3i \u00e9lm\u00e9nyt. Ugyanakkor a s\u00fctik a mag\u00e1nszf\u00e9r\u00e1ba val\u00f3 beavatkoz\u00e1sra is felhaszn\u00e1lhat\u00f3k. A s\u00fctik nem k\u00e1rosak, \u00e9s mindig id\u0151ben korl\u00e1tozottak.<\/p>\n<h3>A s\u00fctik c\u00e9lja<\/h3>\n<p>A s\u00fctik c\u00e9lja a weboldal m\u0171k\u00f6d\u00e9s\u00e9nek \u00e9s a b\u00f6ng\u00e9sz\u00e9si \u00e9lm\u00e9ny jav\u00edt\u00e1sa. A s\u00fctik haszn\u00e1lat\u00e1val a weboldalakkal val\u00f3 interakci\u00f3 gyorsabb \u00e9s egyszer\u0171bb. A s\u00fctik seg\u00edts\u00e9g\u00e9vel a weboldal megjegyzi szem\u00e9lyes be\u00e1ll\u00edt\u00e1sait \u00e9s kor\u00e1bbi \u00e9lm\u00e9nyeit, ami id\u0151t takar\u00edt meg, \u00e9s hat\u00e9konyabb\u00e1 teszi a b\u00f6ng\u00e9sz\u00e9st.<\/p>\n<h3>Poker Dogodki s\u00fctik<\/h3>\n<p>Csak a ZEKom-1 jogszab\u00e1ly \u00e1ltal megengedett s\u00fctiket haszn\u00e1ljuk. Kiz\u00e1r\u00f3lag a weboldal m\u0171k\u00f6d\u00e9s\u00e9hez felt\u00e9tlen\u00fcl sz\u00fcks\u00e9ges s\u00fctiket alkalmazzuk. A l\u00e1togatotts\u00e1gi statisztik\u00e1k r\u00f6gz\u00edt\u00e9s\u00e9hez olyan rendszert haszn\u00e1lunk, amely csak a munkamenetet jegyzi a s\u00fctivel, \u00e9s nem k\u00f6veti tov\u00e1bb az \u00d6n online viselked\u00e9s\u00e9t. A weboldal tov\u00e1bbi haszn\u00e1lat\u00e1val elfogadja az al\u00e1bbiakban ismertetett s\u00fctik haszn\u00e1lat\u00e1t.<\/p>\n<p>Egyes s\u00fctik ideiglenesek, m\u00edg m\u00e1sok a weboldal elhagy\u00e1sa ut\u00e1n is bizonyos ideig a k\u00e9sz\u00fcl\u00e9ken maradnak. Az ideiglenes s\u00fctik a l\u00e1togat\u00f3k sz\u00e1m\u00e1nak m\u00e9r\u00e9s\u00e9re, a tartalmak hat\u00e9konys\u00e1g\u00e1nak \u00e9s a hirdet\u00e9sek relevanci\u00e1j\u00e1nak ellen\u0151rz\u00e9s\u00e9re szolg\u00e1lnak, ezzel is seg\u00edtve az oldal folyamatos fejleszt\u00e9s\u00e9t. A t\u00e1rolt s\u00fctik mentik a k\u00e9s\u0151bbi l\u00e1togat\u00e1sokhoz sz\u00fcks\u00e9ges bejelentkez\u00e9si adatokat, \u00edgy a k\u00f6vetkez\u0151 alkalommal nem kell \u00fajra bejelentkezni, tov\u00e1bb\u00e1 a tartalmat az \u00d6n eszk\u00f6z\u00e9hez igaz\u00edtj\u00e1k. Harmadik f\u00e9lt\u0151l sz\u00e1rmaz\u00f3 s\u00fctiket is haszn\u00e1lunk, p\u00e9ld\u00e1ul a Facebook, a Twitter, a Google \u00e9s m\u00e1s szolg\u00e1ltat\u00f3k s\u00fctijeit. Ha nem j\u00e1rul hozz\u00e1 haszn\u00e1latukhoz, ezek a s\u00fctik nem ker\u00fclnek be\u00e1ll\u00edt\u00e1sra.<\/p>\n<p>Tov\u00e1bb\u00e1 s\u00fctiket haszn\u00e1lunk annak meghat\u00e1roz\u00e1s\u00e1ra, hogyan navig\u00e1l a weboldalunkon, mely tartalmak \u00e9rdeklik, \u00e9s mennyi ideig tart\u00f3zkodik az oldalon. Ennek alapj\u00e1n m\u00f3dos\u00edthatjuk \u00e9s az \u00d6n ig\u00e9nyeihez igaz\u00edthatjuk a tartalmat.<br \/>A s\u00fctik r\u00e9v\u00e9n gy\u0171jt\u00f6tt adatokat kiz\u00e1r\u00f3lag statisztikai c\u00e9lokra, demogr\u00e1fiai adatok \u00e9s a l\u00e1togat\u00f3i \u00e9rdekl\u0151d\u00e9s felm\u00e9r\u00e9s\u00e9re (olyan m\u00f3don, hogy az \u00d6n szem\u00e9lye ne legyen azonos\u00edthat\u00f3), szerverprobl\u00e9m\u00e1k felismer\u00e9s\u00e9re, a weboldal kezel\u00e9s\u00e9re \u00e9s term\u00e9kt\u00e1j\u00e9koztat\u00e1sra, a felhaszn\u00e1l\u00f3k k\u00fcl\u00f6nb\u00f6z\u0151 webhelyeken t\u00f6rt\u00e9n\u0151 k\u00f6vet\u00e9s\u00e9re, az \u00e9rdekl\u0151d\u00e9s\u00fcknek megfelel\u0151 tartalomszem\u00e9lyre szab\u00e1sra, valamint marketing- \u00e9s hirdet\u00e9si c\u00e9lokra dolgozzuk fel.<\/p>\n<h3>S\u00fctit\u00e1bl\u00e1zat<\/h3>\n<p>\u00a0<\/p>\n<h3>Z\u00e1r\u00f3 rendelkez\u00e9sek<\/h3>\n<p class=\"mb-0\">Javasoljuk, hogy jelen t\u00e1j\u00e9koztat\u00f3 mellett olvassa el az \u00c1ltal\u00e1nos Szerz\u0151d\u00e9si Felt\u00e9teleket is, amelyek a weboldalon \u00e9rhet\u0151k el, \u00e9s a jelen T\u00e1j\u00e9koztat\u00f3val egy\u00fctt k\u00f6telez\u0151 szerz\u0151d\u00e9ses jogviszonyt k\u00e9peznek \u00d6n \u00e9s a Poker Dogodki k\u00f6z\u00f6tt.<br \/>Jelen dokumentum 2024. szeptember 1-j\u00e9n l\u00e9p hat\u00e1lyba, \u00e9s b\u00e1rmikor m\u00f3dos\u00edthat\u00f3.<\/p>\n\t\t\t<\/div>\n\t\n\t\t<\/div>\n\t\t\t\t\n<style>\n#col-132769732 > .col-inner {\n  padding: 30px 0px 30px 0px;\n}\n<\/style>\n\t<\/div>\n\n\t\n<\/div>\n","protected":false},"excerpt":{"rendered":"","protected":false},"author":1,"featured_media":0,"parent":0,"menu_order":0,"comment_status":"closed","ping_status":"open","template":"page-blank.php","meta":{"footnotes":""},"class_list":["post-1545","page","type-page","status-publish","hentry"],"_links":{"self":[{"href":"https:\/\/casinogame.si\/hu\/wp-json\/wp\/v2\/pages\/1545","targetHints":{"allow":["GET"]}}],"collection":[{"href":"https:\/\/casinogame.si\/hu\/wp-json\/wp\/v2\/pages"}],"about":[{"href":"https:\/\/casinogame.si\/hu\/wp-json\/wp\/v2\/types\/page"}],"author":[{"embeddable":true,"href":"https:\/\/casinogame.si\/hu\/wp-json\/wp\/v2\/users\/1"}],"replies":[{"embeddable":true,"href":"https:\/\/casinogame.si\/hu\/wp-json\/wp\/v2\/comments?post=1545"}],"version-history":[{"count":2,"href":"https:\/\/casinogame.si\/hu\/wp-json\/wp\/v2\/pages\/1545\/revisions"}],"predecessor-version":[{"id":3594,"href":"https:\/\/casinogame.si\/hu\/wp-json\/wp\/v2\/pages\/1545\/revisions\/3594"}],"wp:attachment":[{"href":"https:\/\/casinogame.si\/hu\/wp-json\/wp\/v2\/media?parent=1545"}],"curies":[{"name":"wp","href":"https:\/\/api.w.org\/{rel}","templated":true}]}}