{"id":1455,"date":"2024-10-22T06:52:09","date_gmt":"2024-10-22T06:52:09","guid":{"rendered":"https:\/\/staging.pokerdogodki.si\/datenschutzrichtlinie\/"},"modified":"2026-03-25T12:36:32","modified_gmt":"2026-03-25T12:36:32","slug":"datenschutzrichtlinie","status":"publish","type":"page","link":"https:\/\/casinogame.si\/de\/datenschutzrichtlinie\/","title":{"rendered":"Datenschutzrichtlinie"},"content":{"rendered":"<div class=\"row pb-0\"  id=\"row-448435007\">\n\n\t<div id=\"col-1989750306\" class=\"col pb-0 small-12 large-12\"  >\n\t\t\t\t<div class=\"col-inner\"  >\n\t\t\t\n\t\t\t\n\t<div id=\"text-1096632222\" class=\"text pb-0 mb-0\">\n\t\t\n<h2>DATENSCHUTZRICHTLINIE<\/h2>\n<p>Zweck dieser Mitteilung zur Datenschutz- und Datenschutzrichtlinie (\u201eMitteilung\u201c) ist es, Sie dar\u00fcber zu informieren, welche personenbezogenen Daten wir sammeln und zu welchen Zwecken, was wir mit ihnen tun, wie wir f\u00fcr deren Sicherheit sorgen und welche Rechte Sie in Bezug auf die Verarbeitung personenbezogener Daten geltend machen k\u00f6nnen. Wir nehmen den Schutz Ihrer personenbezogenen Daten sehr ernst und verantwortungsvoll. Wir erf\u00fcllen vollst\u00e4ndig unsere Verpflichtungen in Bezug auf die rechtm\u00e4\u00dfige, faire und transparente Verarbeitung personenbezogener Daten. Wir empfehlen Ihnen, den Inhalt dieser Mitteilung sorgf\u00e4ltig zu lesen. Um die \u00dcbereinstimmung dieser Mitteilung mit den Vorschriften zum Schutz personenbezogener Daten zu gew\u00e4hrleisten, beh\u00e4lt sich<br \/>SINTEZA d.o.o. (im Folgenden Poker Dogodki) das Recht vor, \u00c4nderungen oder Erg\u00e4nzungen vorzunehmen. \u00dcber \u00c4nderungen werden wir Sie rechtzeitig auf die am besten geeignete Weise informieren, z.B. per E-Mail oder durch Ver\u00f6ffentlichung auf der Website.<\/p>\n<h3>INFORMATIONEN ZUM DATENVERARBEITUNGSVERANTWORTLICHEN<\/h3>\n<p>SINTEZA d.o.o.<br \/>Lo\u017earjeva 14<br \/>1000 Ljubljana<br \/>Slowenien, EU<br \/>USt-IdNr.: SI 67730337<br \/>Registrierungsnummer: 5412897000<br \/>E-Mail: primoz@casinogame.si<\/p>\n<h3>DATENVERARBEITUNGSVERANTWORTLICHER:<\/h3>\n<p>Datenverarbeitungsverantwortlicher:<br \/>WPM, spletne storitve, d.o.o.<br \/>Brn\u010di\u010deva ulica 13,<br \/>1231 Ljubljana \u2013 \u010crnu\u010de Trzin<br \/>E-Mail: info@wpm.si<\/p>\n<p>Der Datenverarbeitungsverantwortliche verarbeitet personenbezogene Daten im Namen von Poker Dogodki. F\u00fcr alle Fragen im Zusammenhang mit der Verarbeitung personenbezogener Daten k\u00f6nnen Sie sich an die oben genannte E-Mail-Adresse wenden.<\/p>\n<h3>DIE VON UNS VERARBEITETEN PERSONENBEZOGENEN DATEN UMFASSEN<\/h3>\n<p>Grundlegende Kontaktdaten: Name, Nachname, Telefonnummer, E-Mail-Adresse.<br \/>Informationen \u00fcber die Nutzung unserer Websites: Klicks auf Links, Verweildauer auf den Seiten und Informationen \u00fcber die Reaktion auf unsere E-Mail-Nachrichten, z.B. ob die Nachricht ge\u00f6ffnet wurde und welche Links angeklickt wurden.<br \/>Serverinformationen: Datum und Uhrzeit der Besuche, besuchte Unterseiten, angesehene oder gesuchte Informationen usw.<br \/>Ger\u00e4teinformationen: Informationen \u00fcber den Computer oder das Mobilger\u00e4t, mit dem auf die Website zugegriffen wird, einschlie\u00dflich Betriebssystem, Modell, Webbrowser usw.<br \/>Informationen \u00fcber die Nutzung unserer Website.<br \/>Aggregierte Daten f\u00fcr Werbe- und Marketingzwecke.<\/p>\n<h3>RECHTSGRUNDLAGE F\u00dcR DIE VERARBEITUNG PERSONENBEZOGENER DATEN<\/h3>\n<p>Wir sammeln Ihre personenbezogenen Daten nur, wenn dies unbedingt notwendig ist oder Sie selbst zugestimmt haben. Wir werden Ihre personenbezogenen Daten nicht verarbeiten, wenn der Zweck oder die Rechtsgrundlage f\u00fcr ihre Verarbeitung nicht angemessen durch die geltenden Vorschriften zum Schutz personenbezogener Daten gerechtfertigt ist (Datenschutzgesetz, Amtsblatt der RS, Nr. 94\/07 \u2013 konsolidierte Fassung (ZVOP-1), Verordnung (EU) 2016\/679 des Europ\u00e4ischen Parlaments und des Rates vom 27. April 2016 zum Schutz nat\u00fcrlicher Personen bei der Verarbeitung personenbezogener Daten, zum freien Datenverkehr (DSGVO)) und das Gesetz \u00fcber die elektronische Kommunikation, Amtsblatt der RS 109\/12, 110\/13, 40\/14 \u2013 ZIN-B, 54\/14 \u2013 Uredba US, 81\/15 und 40\/17 (ZEKom-1).<\/p>\n<p>Poker Dogodki wird Ihre personenbezogenen Daten auf der Grundlage der folgenden Rechtsgrundlagen verarbeiten:<\/p>\n<p>Durch den Besuch unserer Website haben Sie die Allgemeinen Nutzungsbedingungen dieser Website akzeptiert und zugestimmt und einen Vertrag mit Poker Dogodki geschlossen, der als Rechtsgrundlage f\u00fcr die Verarbeitung Ihrer personenbezogenen Daten dient. Die Daten sind verschl\u00fcsselt und in gesch\u00fctzter Form an den Server \u00fcbertragen. Ein solches System verhindert, dass jemand Ihre personenbezogenen Daten abf\u00e4ngt.<\/p>\n<p>Poker Dogodki verarbeitet Ihre personenbezogenen Daten auch auf der Grundlage gesetzlicher Rechtsgrundlagen:<\/p>\n<p>auf der Grundlage nationaler Gesetzgebung, einschlie\u00dflich des Gesetzes zur Verhinderung von Geldw\u00e4sche und Terrorismusfinanzierung (Amtsblatt der RS, Nr. 68\/16 und 81\/19; ZPPDFT-1), des Datenschutzgesetzes (Amtsblatt der RS, Nr. 94\/07 \u2013 konsolidierte Fassung; ZVOP-1), des Urheberrechtsgesetzes (Amtsblatt der RS, Nr. 16\/07 \u2013 konsolidierte Fassung, 68\/08, 110\/13, 56\/15 und 63\/16 \u2013 ZKUASP; ZASP) usw.,<br \/>auf der Grundlage anderer internationaler Vertr\u00e4ge und EU-Verordnungen, die Poker Dogodki verpflichten, in bestimmten F\u00e4llen personenbezogene Daten von Einzelpersonen an staatliche Stellen und andere Verantwortliche weiterzugeben, um ihre oder deren gesetzliche Verpflichtungen oder Zust\u00e4ndigkeiten zu erf\u00fcllen.<\/p>\n<h3>POKER DOGODKI KANN PERSONENBEZOGENE DATEN AUF DER GRUNDLAGE LEGITIMER INTERESSEN VERARBEITEN<\/h3>\n<p>f\u00fcr statistische Zwecke und zur Erhebung demografischer Daten und Interessen der Besucher,<br \/>zur Identifizierung von Server- und Website-Problemen,<br \/>zur Durchf\u00fchrung von Gesch\u00e4ftsanalysen,<br \/>f\u00fcr die weitere Entwicklung des Angebots,<br \/>zur Verbesserung oder Anpassung der Dienstleistungen an den Einzelnen,<br \/>zur Bestimmung der Wirksamkeit von Werbeaktivit\u00e4ten,<br \/>auf der Grundlage anderer legitimer Interessen.<br \/>In bestimmten F\u00e4llen kann Poker Dogodki Ihre personenbezogenen Daten auf der Grundlage Ihrer pers\u00f6nlichen Einwilligung f\u00fcr die Durchf\u00fchrung von Marketingaktivit\u00e4ten verarbeiten, wie z.B. das Versenden aktueller Nachrichten und allgemeiner Informationen \u00fcber Angebote, Neuigkeiten, Vorteile, Veranstaltungen oder Gewinnspiele, und Sie \u00fcber Dienstleistungsangebote informieren, die auf Ihre pers\u00f6nlichen Interessen auf der Grundlage von Profiling zugeschnitten sind, das Poker Dogodki f\u00fcr diese Zwecke verwendet. Die pers\u00f6nliche Einwilligung ist v\u00f6llig freiwillig und keine Voraussetzung f\u00fcr den Vertragsabschluss. In diesen F\u00e4llen erfolgt die Verarbeitung im Rahmen des angegebenen Zwecks und der vereinbarten Benachrichtigungsmethoden, bis die Einwilligung widerrufen wird.<\/p>\n<h3>ZWECKE DER VERARBEITUNG PERSONENBEZOGENER DATEN<\/h3>\n<p>Wir k\u00f6nnen Ihre personenbezogenen Daten f\u00fcr einen oder mehrere der folgenden Zwecke verwenden:<br \/>&#8211; Kommunikation mit Ihnen in Bezug auf die Erbringung unserer Dienstleistungen und Beantwortung Ihrer Fragen;<br \/>&#8211; Vertragsabschluss und Erf\u00fcllung der sich aus dem geschlossenen Vertrag ergebenden Verpflichtungen;<br \/>&#8211; Marketingkommunikation (Versand von E-Mails und SMS-Nachrichten);<br \/>&#8211; Geltendmachung m\u00f6glicher rechtlicher Anspr\u00fcche und Beilegung von Streitigkeiten;<br \/>&#8211; f\u00fcr statistische Analysen \u00fcber die Nutzung unserer Websites;<br \/>&#8211; f\u00fcr Werbezwecke auf externen Websites.<\/p>\n<h3>Wie lange speichern wir Ihre personenbezogenen Daten und was passiert danach mit ihnen?<\/h3>\n<p>Die Speicherdauer personenbezogener Daten h\u00e4ngt von der Grundlage und dem Zweck der Verarbeitung jeder Kategorie personenbezogener Daten ab. Personenbezogene Daten werden nur so lange gespeichert, wie es vorgeschrieben oder erlaubt und absolut notwendig ist, um den Zweck zu erreichen, f\u00fcr den sie gesammelt oder weiterverarbeitet wurden. Nach Erf\u00fcllung des Zwecks werden wir nur die personenbezogenen Daten speichern, die wir auf der Grundlage des Gesetzes speichern m\u00fcssen oder die wir m\u00f6glicherweise f\u00fcr Beweis- oder Verteidigungszwecke ben\u00f6tigen, wenn die M\u00f6glichkeit der Geltendmachung rechtlicher Anspr\u00fcche bestand. Andere Daten werden gel\u00f6scht, vernichtet, blockiert oder anonymisiert, es sei denn, das Gesetz sieht f\u00fcr bestimmte Arten personenbezogener Daten etwas anderes vor.<br \/>Wir speichern Ihre personenbezogenen Daten, die wir f\u00fcr den Versand von Angeboten und die Benachrichtigung \u00fcber Neuigkeiten verarbeiten, bis Sie sie widerrufen, oder<\/p>\n<p>bis Sie die Dienstleistungen von Poker Dogodki nicht mehr nutzen.<br \/>Autorisierte Personen, die bei Poker Dogodki besch\u00e4ftigt sind, Dritte, die Ihre Daten im Namen von Poker Dogodki verarbeiten, oder externe Institutionen wie Verwaltungsbeh\u00f6rden, Banken oder andere Personen gem\u00e4\u00df den gesetzlichen Vorschriften und Verpflichtungen k\u00f6nnen ebenfalls auf personenbezogene Daten zugreifen.<\/p>\n<h3>Freiwillige Bereitstellung von Daten und Folgen der Nichtbereitstellung<\/h3>\n<p>Die Bereitstellung personenbezogener Daten ist freiwillig. Bei jeder Erhebung personenbezogener Daten werden wir Ihnen mitteilen, welche Daten diejenigen sind, deren Nichtbereitstellung bestimmte Folgen hat.<\/p>\n<h3>Wer hat Zugang zu den von Ihnen \u00fcbermittelten personenbezogenen Daten? Werden wir Ihre personenbezogenen Daten an Dritte weitergeben oder au\u00dferhalb der EU transferieren?<\/h3>\n<p>Zugang zu Ihren personenbezogenen Daten haben nur autorisierte Personen innerhalb unseres Unternehmens, die f\u00fcr die Erbringung der Dienstleistungen notwendig sind. Wir werden Ihre personenbezogenen Daten nicht an Dritte weitergeben, es sei denn, dies ist gesetzlich vorgeschrieben oder f\u00fcr die Erf\u00fcllung vertraglicher Verpflichtungen erforderlich. Ebenso werden personenbezogene Daten nicht au\u00dferhalb der EU \u00fcbertragen, es sei denn, dies wird ausdr\u00fccklich durch Gesetze oder vertragliche Vereinbarungen gefordert.<\/p>\n<h3>Welche Rechte haben Sie in Bezug auf die Verarbeitung personenbezogener Daten?<\/h3>\n<p>Sie k\u00f6nnen jederzeit Einsicht in Ihre personenbezogenen Daten, deren Berichtigung oder L\u00f6schung, Einschr\u00e4nkung der Verarbeitung oder Widerspruch gegen die Verarbeitung verlangen. Wir werden Sie dar\u00fcber informieren, wenn diese Anforderung die weitere Funktionsweise dieser Website beeinflusst. In bestimmten F\u00e4llen haben Sie auch das Recht, Ihre personenbezogenen Daten an einen anderen Verantwortlichen zu \u00fcbertragen. Dies h\u00e4ngt von den technischen M\u00f6glichkeiten und internen Richtlinien des jeweiligen Betreibers ab.<\/p>\n<p>Sie k\u00f6nnen Ihre Einwilligung zur Verarbeitung personenbezogener Daten in Bezug auf den Versand von Angeboten und die Benachrichtigung \u00fcber Neuigkeiten jederzeit widerrufen. Der Widerruf der Einwilligung ber\u00fchrt nicht die Rechtm\u00e4\u00dfigkeit der Verarbeitung personenbezogener Daten auf der Grundlage dieser Einwilligung in der Zeit vor dem Widerruf.<\/p>\n<p>Poker Dogodki \u00fcbernimmt keine Verantwortung f\u00fcr die Authentizit\u00e4t, Genauigkeit und Aktualit\u00e4t der von Ihnen \u00fcbermittelten personenbezogenen Daten. Der Benutzer ist verpflichtet, die Richtigkeit und Aktualit\u00e4t aller \u00fcbermittelten Daten sicherzustellen.<\/p>\n<p>Im Falle eines Versto\u00dfes gegen den Schutz personenbezogener Daten werden wir Sie gem\u00e4\u00df den geltenden gesetzlichen Bestimmungen benachrichtigen.<\/p>\n<h3>Verfahren zur Geltendmachung von Rechten<\/h3>\n<p>Zur Geltendmachung Ihrer Rechte in Bezug auf personenbezogene Daten k\u00f6nnen Sie sich schriftlich an jeden der zu Beginn dieses Dokuments unter &#8222;Datenverantwortlicher und Kontaktdaten&#8220; genannten Kontakte wenden.<\/p>\n<p>Zur zuverl\u00e4ssigen Identifizierung im Falle der Geltendmachung von Rechten in Bezug auf personenbezogene Daten k\u00f6nnen wir zus\u00e4tzliche Informationen von Ihnen verlangen. Wir werden nur Ma\u00dfnahmen ergreifen, wenn wir nachweisen k\u00f6nnen, dass wir Sie nicht zuverl\u00e4ssig identifizieren k\u00f6nnen.<\/p>\n<p>Wir werden auf Ihre Anfragen bez\u00fcglich der Geltendmachung von Rechten in Bezug auf personenbezogene Daten ohne unn\u00f6tige Verz\u00f6gerung und sp\u00e4testens innerhalb eines Monat nach Eingang Ihrer Anfrage antworten.<\/p>\n<p>Jede \u00c4nderung unserer Datenschutzrichtlinie wird auf dieser Website ver\u00f6ffentlicht.<\/p>\n<h3>Recht zur Beschwerdeeinreichung<\/h3>\n<p>Sie k\u00f6nnen jederzeit eine Beschwerde \u00fcber die Verarbeitung personenbezogener Daten bei der Aufsichtsbeh\u00f6rde in Slowenien, d.h. beim Informationsbeauftragten, unter der Adresse Dunajska 22, 1000 Ljubljana, einreichen.<\/p>\n<h3>Haftungsausschluss<\/h3>\n<p>Poker Dogodki \u00fcbernimmt keine Haftung f\u00fcr Sch\u00e4den, die Ihnen aufgrund falscher, unrichtiger, unvollst\u00e4ndiger oder veralteter Informationen entstanden sind, die Sie dem Anbieter \u00fcbermittelt haben.<br \/>Dasselbe gilt f\u00fcr die Haftung von Poker Dogodki, wenn der Schaden aus irgendeinem Grund auf Ihrer Seite entsteht. F\u00fcr die Sicherheit der von Ihnen \u00fcbermittelten Daten sind Sie ausschlie\u00dflich verantwortlich.<br \/>Wenn ein Vertrag zwischen dem Anbieter und dem Benutzer geschlossen wird, gelten in jedem Fall die Bestimmungen, die dieses Verh\u00e4ltnis regeln (Vertrag, Allgemeine Gesch\u00e4ftsbedingungen usw.), einschlie\u00dflich der Haftungsausschl\u00fcsse und -beschr\u00e4nkungen des Anbieters.<\/p>\n<h3>Cookies<\/h3>\n<p>Grundlage f\u00fcr die Cookie-Mitteilung ist das ge\u00e4nderte Gesetz \u00fcber die elektronische Kommunikation (ZEKom-2), das Anfang 2013 in Kraft trat und neue Regeln f\u00fcr die Verwendung von Cookies und \u00e4hnlichen Technologien zur Speicherung von Informationen oder zum Zugriff auf Informationen, die auf dem Computer oder Mobilger\u00e4t des Benutzers gespeichert sind, einf\u00fchrte.<\/p>\n<h3>Was sind Cookies?<\/h3>\n<p>Ein Cookie ist eine kleine Textdatei, die auf den Computer des Benutzers heruntergeladen wird, wenn er eine Website besucht. Es enth\u00e4lt in der Regel den Namen des Servers, von dem das Cookie gesendet wurde, die Lebensdauer des Cookies und seinen Wert \u2013 eine zuf\u00e4llig generierte eindeutige Nummer.<\/p>\n<p>Das Cookie selbst enth\u00e4lt oder sammelt keine Daten. Wenn es jedoch vom Server zusammen mit dem Browser gelesen wird, kann es der Website helfen, benutzerfreundlichere Dienste bereitzustellen, z.B. sich den Benutzernamen und das Passwort f\u00fcr die n\u00e4chste Anmeldung zu merken oder sich fr\u00fchere K\u00e4ufe oder Informationen \u00fcber das Benutzerkonto zu merken. Ein Cookie kann nur von dem Server gelesen und verwendet werden, der es gesendet hat. Auf vertrauensw\u00fcrdigen Websites k\u00f6nnen Cookies das Benutzererlebnis bereichern. Cookies k\u00f6nnen jedoch auch auf eine Weise verwendet werden, die in die Privatsph\u00e4re des Einzelnen eingreift. Cookies sind nicht sch\u00e4dlich und immer zeitlich begrenzt.<\/p>\n<h3>Zweck von Cookies<\/h3>\n<p>Der Zweck von Cookies ist es, die Funktionalit\u00e4t der Website und das Benutzererlebnis beim Betrachten von Websites zu verbessern. Die Interaktion zwischen Ihnen und den Websites ist mit Cookies schneller und einfacher. Mithilfe von Cookies merkt sich die Website Ihre pers\u00f6nlichen Einstellungen und Erfahrungen. Das spart Zeit und macht das Surfen auf Websites effizienter.<\/p>\n<h3>Cookies von Poker Dogodki<\/h3>\n<p>Auf der Website verwenden wir nur solche Cookies, die gem\u00e4\u00df der Gesetzgebung ZEKom-1 erlaubt sind. Wir verwenden nur solche Cookies, die f\u00fcr das Funktionieren dieser Website unbedingt notwendig sind. F\u00fcr die Aufzeichnung der Besucherstatistik der Seite verwenden wir ein System, das nur die Sitzung mit einem Cookie aufzeichnet und Ihr weiteres Verhalten auf der Website oder in Verbindung mit anderen Websites nicht verfolgt. Durch die weitere Nutzung dieser Website erkl\u00e4ren Sie sich mit der Verwendung der unten beschriebenen Cookies einverstanden.<\/p>\n<p>Einige der von uns verwendeten Cookies sind tempor\u00e4r, andere werden f\u00fcr eine bestimmte Zeit auf Ihrem Ger\u00e4t gespeichert, auch nachdem Sie unsere Website verlassen haben. F\u00fcr tempor\u00e4re Cookies verwenden wir sie, um die Anzahl der Besucher der Website zu messen, was die \u00dcberpr\u00fcfung der Wirksamkeit der Inhaltsanzeige und der Relevanz der Anzeigen erm\u00f6glicht, und zur kontinuierlichen Verbesserung der Websites. Mit gespeicherten Cookies speichern wir Kontaktdaten f\u00fcr sp\u00e4tere Besuche der Website, damit Sie sich beim n\u00e4chsten Besuch nicht erneut anmelden m\u00fcssen, oder die Webinhalte werden an Ihr Ger\u00e4t angepasst. Wir verwenden auch gespeicherte Cookies, die von anderen Websites stammen, z.B. Facebook, Twitter, Google und andere. Wenn Sie mit deren Verwendung nicht einverstanden sind, werden keine Cookies platziert.<\/p>\n<p>Dar\u00fcber hinaus verwenden wir Cookies, um zu bestimmen, wie Sie sich auf unseren Websites bewegen, welche Inhalte Sie interessieren und wie lange Ihr Besuch gedauert hat. Auf dieser Grundlage k\u00f6nnen wir die Inhalte der Websites organisieren und an Ihre Bed\u00fcrfnisse anpassen.<br \/>Die \u00fcber Cookies gesammelten Daten werden ausschlie\u00dflich f\u00fcr statistische Zwecke und zur Erhebung demografischer Daten und Interessen der Besucher verarbeitet (jedoch auf eine Weise, dass Ihre Identit\u00e4t nicht festgestellt werden kann), zur Identifizierung von Serverproblemen, zur Organisation der Websites und zur Information \u00fcber Produkte, zur Verfolgung des Benutzers \u00fcber verschiedene Websites, zur Anpassung der Inhalte an seine Interessen und f\u00fcr Markt- und Werbezwecke.<\/p>\n<p><span style=\"color: #282828;\"><a style=\"color: #282828;\" href=\"https:\/\/casinogame.si\/de\/cookie-richtlinie\/\">Cookie Richtlinie<\/a><\/span><\/p>\n<h3>Schlussbestimmungen<\/h3>\n<p><\/p>\n<p class=\"mb-0\">Wir empfehlen, neben dieser Mitteilung auch die Allgemeinen Gesch\u00e4ftsbedingungen zu lesen, die auf der Website ver\u00f6ffentlicht sind und zusammen mit dieser Mitteilung eine verbindliche vertragliche Beziehung zwischen Ihnen und Poker Dogodki bilden.<br \/>\nDieses Dokument tritt am 1. September 2024 in Kraft und kann jederzeit ge\u00e4ndert werden.<\/p>\n\t\t\t<\/div>\n\t\n\t\t<\/div>\n\t\t\t\t\n<style>\n#col-1989750306 > .col-inner {\n  padding: 30px 0px 30px 0px;\n}\n<\/style>\n\t<\/div>\n\n\t\n<\/div>\n","protected":false},"excerpt":{"rendered":"","protected":false},"author":1,"featured_media":0,"parent":0,"menu_order":0,"comment_status":"closed","ping_status":"open","template":"page-blank.php","meta":{"footnotes":""},"class_list":["post-1455","page","type-page","status-publish","hentry"],"_links":{"self":[{"href":"https:\/\/casinogame.si\/de\/wp-json\/wp\/v2\/pages\/1455","targetHints":{"allow":["GET"]}}],"collection":[{"href":"https:\/\/casinogame.si\/de\/wp-json\/wp\/v2\/pages"}],"about":[{"href":"https:\/\/casinogame.si\/de\/wp-json\/wp\/v2\/types\/page"}],"author":[{"embeddable":true,"href":"https:\/\/casinogame.si\/de\/wp-json\/wp\/v2\/users\/1"}],"replies":[{"embeddable":true,"href":"https:\/\/casinogame.si\/de\/wp-json\/wp\/v2\/comments?post=1455"}],"version-history":[{"count":13,"href":"https:\/\/casinogame.si\/de\/wp-json\/wp\/v2\/pages\/1455\/revisions"}],"predecessor-version":[{"id":5244,"href":"https:\/\/casinogame.si\/de\/wp-json\/wp\/v2\/pages\/1455\/revisions\/5244"}],"wp:attachment":[{"href":"https:\/\/casinogame.si\/de\/wp-json\/wp\/v2\/media?parent=1455"}],"curies":[{"name":"wp","href":"https:\/\/api.w.org\/{rel}","templated":true}]}}